{"id":12,"date":"2017-06-06T00:13:29","date_gmt":"2017-06-06T04:13:29","guid":{"rendered":"https:\/\/abbayesaintemarie.ca\/fr\/?page_id=12"},"modified":"2017-11-17T16:56:56","modified_gmt":"2017-11-17T21:56:56","slug":"vocations","status":"publish","type":"page","link":"https:\/\/abbayesaintemarie.ca\/fr\/vocations\/","title":{"rendered":"Vocations"},"content":{"rendered":"<p>[vc_row css_animation= &raquo; &raquo; row_type= &raquo;row &raquo; use_row_as_full_screen_section= &raquo;no &raquo; type= &raquo;grid &raquo; angled_section= &raquo;no &raquo; text_align= &raquo;left &raquo; background_image_as_pattern= &raquo;without_pattern &raquo; el_class= &raquo;lb_row_first &raquo;][vc_column el_class= &raquo;lb_blocks &raquo;][vc_column_text el_class= &raquo;lb_t_boxed &raquo;]<\/p>\n<h2>Femmes de pri\u00e8res<\/h2>\n<h3>Choisies par Dieu<\/h3>\n<p>Nous sommes appel\u00e9es \u00e0 suivre J\u00e9sus Christ dans une vie de pri\u00e8re &#8211; un coeur-\u00e0-coeur incessant avec notre Bien-aim\u00e9.<\/p>\n<h3>APPEL\u00c9E \u00c0 L\u2019UNION SPONSALE<\/h3>\n<p>Nous avons choisi une vie clo\u00eetr\u00e9e pour nous livrer enti\u00e8rement au Christ, notre \u00c9poux. Le monast\u00e8re est un lieu de lib\u00e9ration, d\u2019abandon total \u00e0 Dieu, rendu possible gr\u00e2ce \u00e0<em> la cl\u00f4ture papale<\/em>, qui pr\u00e9serve le silence, la paix, la s\u00e9r\u00e9nit\u00e9, l\u2019harmonie et le calme.<\/p>\n<h3>APPEL\u00c9E \u00c0 \u00caTRE T\u00c9MOIN PROPH\u00c9TIQUE<\/h3>\n<p>Notre union sponsale au Christ nous fait go\u00fbter, par anticipation, \u00e0 une r\u00e9alit\u00e9 divine v\u00e9cue au coeur de la Sainte Trinit\u00e9. Notre cl\u00f4ture nous indique et nous rappelle la r\u00e9alit\u00e9 transcendante et la pr\u00e9sence absolue de Dieu. La grille s\u00e9pare le sacr\u00e9 du profane, et d\u00e9signe le lieu o\u00f9 nous vivons dans le secret de l\u2019intimit\u00e9 divine. Chaque jour nous offrons toutes nos activit\u00e9s \u00e0 Dieu. En tant que femmes consacr\u00e9es nous vivons pour Dieu seul.[\/vc_column_text][\/vc_column][\/vc_row][vc_row css_animation= &raquo; &raquo; row_type= &raquo;row &raquo; use_row_as_full_screen_section= &raquo;no &raquo; type= &raquo;full_width &raquo; angled_section= &raquo;no &raquo; text_align= &raquo;left &raquo; background_image= &raquo;254&Prime; background_image_as_pattern= &raquo;without_pattern &raquo; el_class= &raquo;lb_row_background first &raquo;][vc_column][\/vc_column][\/vc_row][vc_row css_animation= &raquo; &raquo; row_type= &raquo;row &raquo; use_row_as_full_screen_section= &raquo;no &raquo; type= &raquo;grid &raquo; angled_section= &raquo;no &raquo; text_align= &raquo;left &raquo; background_image_as_pattern= &raquo;without_pattern &raquo; el_class= &raquo;lb_row_quote &raquo;][vc_column][vc_column_text el_class= &raquo;lb_t_boxed &raquo;]<\/p>\n<blockquote>\n<p style=\"text-align: center;\"><em>La r\u00e9alit\u00e9 ultime n\u2019est pas visible en ce monde.<\/em><\/p>\n<\/blockquote>\n<p>[\/vc_column_text][\/vc_column][\/vc_row][vc_row css_animation= &raquo; &raquo; row_type= &raquo;row &raquo; use_row_as_full_screen_section= &raquo;no &raquo; type= &raquo;full_width &raquo; angled_section= &raquo;no &raquo; text_align= &raquo;left &raquo; background_image_as_pattern= &raquo;without_pattern &raquo; el_class= &raquo;lb_row_third &raquo;][vc_column][qode_elements_holder background_color= &raquo;#ffffff &raquo; number_of_columns= &raquo;two_columns &raquo; switch_to_one_column= &raquo;768&Prime; alignment_one_column= &raquo;center &raquo;][qode_elements_holder_item vertical_alignment= &raquo;middle &raquo; advanced_animations= &raquo;no &raquo;][vc_single_image image= &raquo;282&Prime; img_size= &raquo;full &raquo; alignment= &raquo;right &raquo; qode_css_animation= &raquo; &raquo;][\/qode_elements_holder_item][qode_elements_holder_item vertical_alignment= &raquo;middle &raquo; advanced_animations= &raquo;no &raquo;][vc_column_text el_class= &raquo;lb_tr_s &raquo;]<\/p>\n<h2>Une vie de sanctification<\/h2>\n<h3>\u00c0 L\u2019IMAGE DE DIEU<\/h3>\n<p>Vivant dans l\u2019enceinte d\u2019un clo\u00eetre, la moniale qui cherche Dieu est fa\u00e7onn\u00e9e \u00e0 Sa ressemblance et collabore \u00e0 l\u2019oeuvre de salut en lui. En attendant avec esp\u00e9rance le jour o\u00f9 elle pourra le contempler dans l\u2019\u00c9ternit\u00e9 avec les anges et les saints, elle loue Dieu, chante Sa Gloire et d\u00e9couvre Sa Beaut\u00e9, Sa Bont\u00e9, Sa G\u00e9n\u00e9rosit\u00e9, et la Richesse de Son Pardon plein de Mis\u00e9ricorde&#8230;[\/vc_column_text][\/qode_elements_holder_item][\/qode_elements_holder][\/vc_column][\/vc_row][vc_row css_animation= &raquo; &raquo; row_type= &raquo;row &raquo; use_row_as_full_screen_section= &raquo;no &raquo; type= &raquo;full_width &raquo; angled_section= &raquo;no &raquo; text_align= &raquo;left &raquo; background_image_as_pattern= &raquo;without_pattern &raquo; el_class= &raquo;lb_row_background second &raquo; css= &raquo;.vc_custom_1505486779581{background-image: url(https:\/\/abbayesaintemarie.ca\/fr\/wp-content\/uploads\/sites\/3\/2017\/06\/Abbaye-Sainte-Marie-Deux-Montagnes-Support-004D.jpg?id=382) !important;} &raquo;][vc_column][\/vc_column][\/vc_row][vc_row css_animation= &raquo; &raquo; row_type= &raquo;row &raquo; use_row_as_full_screen_section= &raquo;no &raquo; type= &raquo;grid &raquo; angled_section= &raquo;no &raquo; text_align= &raquo;left &raquo; background_image_as_pattern= &raquo;without_pattern &raquo; el_class= &raquo;lb_row_quote &raquo;][vc_column el_class= &raquo;lb_blocks &raquo;][vc_column_text el_class= &raquo;lb_t_boxed &raquo;]<\/p>\n<blockquote>\n<p style=\"text-align: center;\"><em>Nous attendons la venue glorieuse du Christ. <\/em><\/p>\n<\/blockquote>\n<p>[\/vc_column_text][\/vc_column][\/vc_row][vc_row css_animation= &raquo; &raquo; row_type= &raquo;row &raquo; use_row_as_full_screen_section= &raquo;no &raquo; type= &raquo;full_width &raquo; angled_section= &raquo;no &raquo; text_align= &raquo;left &raquo; background_image_as_pattern= &raquo;without_pattern &raquo; el_class= &raquo;lb_row_fourth &raquo;][vc_column][qode_elements_holder background_color= &raquo;#ffffff &raquo; number_of_columns= &raquo;two_columns &raquo; switch_to_one_column= &raquo;768&Prime; alignment_one_column= &raquo;center &raquo;][qode_elements_holder_item vertical_alignment= &raquo;middle &raquo; advanced_animations= &raquo;no &raquo;][vc_column_text el_class= &raquo;lb_tr_s &raquo;]<\/p>\n<h2>A l\u2019\u00c9coute de l\u2019Esprit Saint<\/h2>\n<h3>DANS LE COEUR DE DIEU<\/h3>\n<p>Dieu, notre P\u00e8re, m\u2019appelle-t-il \u00e0 vivre une vie cach\u00e9e avec son Fils bien-aim\u00e9, J\u00e9sus Christ? Le Christ m\u2019invite-t-il \u00e0 devenir son \u00e9pouse et \u00e0 me laisser transformer en Lui par Son Amour? Ai-je le d\u00e9sir de devenir une m\u00e8re spirituelle pour tous les enfants de Dieu et \u00eatre une voix pour l\u2019humanit\u00e9 et la cr\u00e9ation dans le besoin? Est-ce que je d\u00e9sire une vie de simplicit\u00e9, de joie et de paix? Est-ce que mon coeur br\u00fble passionn\u00e9ment pour Dieu? Est-ce que j\u2019aspire \u00e0 vivre unie \u00e0 Dieu dans le Coeur de la Sainte \u00c9glise, Notre M\u00e8re, pour le bien et le bonheur de toute l&rsquo;humanit\u00e9, dans un sacrifice d\u2019adoration \u00e0 Dieu?[\/vc_column_text][\/qode_elements_holder_item][qode_elements_holder_item vertical_alignment= &raquo;middle &raquo; advanced_animations= &raquo;no &raquo;][vc_single_image image= &raquo;301&Prime; img_size= &raquo;full &raquo; alignment= &raquo;right &raquo; qode_css_animation= &raquo; &raquo;][\/qode_elements_holder_item][\/qode_elements_holder][\/vc_column][\/vc_row][vc_row css_animation= &raquo; &raquo; row_type= &raquo;row &raquo; use_row_as_full_screen_section= &raquo;no &raquo; type= &raquo;full_width &raquo; angled_section= &raquo;no &raquo; text_align= &raquo;left &raquo; background_image_as_pattern= &raquo;without_pattern &raquo; el_class= &raquo;lb_row_standard_top &raquo; css= &raquo;.vc_custom_1498570239905{background-image: url(https:\/\/abbayesaintemarie.ca\/fr\/wp-content\/uploads\/sites\/3\/2017\/06\/Abbaye-Sainte-Marie-Deux-Montagnes-Vocation-006b.jpg?id=215) !important;} &raquo;][vc_column][vc_row_inner row_type= &raquo;row &raquo; type= &raquo;full_width &raquo; text_align= &raquo;left &raquo; css_animation= &raquo; &raquo;][vc_column_inner][\/vc_column_inner][\/vc_row_inner][\/vc_column][\/vc_row][vc_row css_animation= &raquo; &raquo; row_type= &raquo;row &raquo; use_row_as_full_screen_section= &raquo;no &raquo; type= &raquo;grid &raquo; angled_section= &raquo;no &raquo; text_align= &raquo;left &raquo; background_image_as_pattern= &raquo;without_pattern &raquo; el_class= &raquo;lb_row_god &raquo;][vc_column el_class= &raquo;lb_blocks &raquo;][vc_column_text el_class= &raquo;lb_t_boxed &raquo;]<\/p>\n<h2 style=\"text-align: center;\">Quelle est la prochaine \u00e9tape ?<\/h2>\n<p style=\"text-align: center;\"><em>\u00ab Mon bien-aim\u00e9 est \u00e0 moi, et je suis \u00e0 lui. \u00bb<\/em><\/p>\n<p style=\"text-align: center;\"><a  itemprop=\"url\" href=\"https:\/\/abbayesaintemarie.ca\/fr\/contact\/\" target=\"_self\"  class=\"qbutton  default\" style=\"\">CONTACT<\/a><\/p>\n<p>[\/vc_column_text][\/vc_column][\/vc_row]<\/p>\n","protected":false},"excerpt":{"rendered":"<p>[vc_row css_animation= &raquo; &raquo; row_type= &raquo;row &raquo; use_row_as_full_screen_section= &raquo;no &raquo; type= &raquo;grid &raquo; angled_section= &raquo;no &raquo; text_align= &raquo;left &raquo; background_image_as_pattern= &raquo;without_pattern &raquo; el_class= &raquo;lb_row_first &raquo;][vc_column el_class= &raquo;lb_blocks &raquo;][vc_column_text el_class= &raquo;lb_t_boxed &raquo;] Femmes de pri\u00e8res Choisies par Dieu Nous sommes appel\u00e9es \u00e0 suivre J\u00e9sus Christ dans&#8230;<\/p>\n","protected":false},"author":2,"featured_media":0,"parent":0,"menu_order":0,"comment_status":"closed","ping_status":"closed","template":"full_width.php","meta":{"inline_featured_image":false},"yoast_head":"<!-- This site is optimized with the Yoast SEO plugin v19.6.1 - https:\/\/yoast.com\/wordpress\/plugins\/seo\/ -->\n<title>Vocations - Abbaye Sainte-Marie des Deux-Montagnes<\/title>\n<meta name=\"description\" content=\"Is God calling you to discover a vocation with us? Find out more about the Benedictine Sisters, their prayer life, and how to discern the vocation.\" \/>\n<meta name=\"robots\" content=\"index, follow, max-snippet:-1, max-image-preview:large, max-video-preview:-1\" \/>\n<link rel=\"canonical\" href=\"https:\/\/abbayesaintemarie.ca\/fr\/vocations\/\" \/>\n<meta property=\"og:locale\" content=\"fr_CA\" \/>\n<meta property=\"og:type\" content=\"article\" \/>\n<meta property=\"og:title\" content=\"Vocations - Abbaye Sainte-Marie des Deux-Montagnes\" \/>\n<meta property=\"og:description\" content=\"Is God calling you to discover a vocation with us? Find out more about the Benedictine Sisters, their prayer life, and how to discern the vocation.\" \/>\n<meta property=\"og:url\" content=\"https:\/\/abbayesaintemarie.ca\/fr\/vocations\/\" \/>\n<meta property=\"og:site_name\" content=\"Abbaye Sainte-Marie des Deux-Montagnes\" \/>\n<meta property=\"article:modified_time\" content=\"2017-11-17T21:56:56+00:00\" \/>\n<meta name=\"twitter:card\" content=\"summary\" \/>\n<meta name=\"twitter:label1\" content=\"Estimation du temps de lecture\" \/>\n\t<meta name=\"twitter:data1\" content=\"5 minutes\" \/>\n<script type=\"application\/ld+json\" class=\"yoast-schema-graph\">{\"@context\":\"https:\/\/schema.org\",\"@graph\":[{\"@type\":\"WebPage\",\"@id\":\"https:\/\/abbayesaintemarie.ca\/fr\/vocations\/\",\"url\":\"https:\/\/abbayesaintemarie.ca\/fr\/vocations\/\",\"name\":\"Vocations - Abbaye Sainte-Marie des Deux-Montagnes\",\"isPartOf\":{\"@id\":\"https:\/\/abbayesaintemarie.ca\/fr\/#website\"},\"datePublished\":\"2017-06-06T04:13:29+00:00\",\"dateModified\":\"2017-11-17T21:56:56+00:00\",\"description\":\"Is God calling you to discover a vocation with us? Find out more about the Benedictine Sisters, their prayer life, and how to discern the vocation.\",\"breadcrumb\":{\"@id\":\"https:\/\/abbayesaintemarie.ca\/fr\/vocations\/#breadcrumb\"},\"inLanguage\":\"fr-CA\",\"potentialAction\":[{\"@type\":\"ReadAction\",\"target\":[\"https:\/\/abbayesaintemarie.ca\/fr\/vocations\/\"]}]},{\"@type\":\"BreadcrumbList\",\"@id\":\"https:\/\/abbayesaintemarie.ca\/fr\/vocations\/#breadcrumb\",\"itemListElement\":[{\"@type\":\"ListItem\",\"position\":1,\"name\":\"Home\",\"item\":\"https:\/\/abbayesaintemarie.ca\/fr\/\"},{\"@type\":\"ListItem\",\"position\":2,\"name\":\"Vocations\"}]},{\"@type\":\"WebSite\",\"@id\":\"https:\/\/abbayesaintemarie.ca\/fr\/#website\",\"url\":\"https:\/\/abbayesaintemarie.ca\/fr\/\",\"name\":\"Abbaye Sainte-Marie des Deux-Montagnes\",\"description\":\"Benedictine Monastery of the Congregation of Solesmes\",\"potentialAction\":[{\"@type\":\"SearchAction\",\"target\":{\"@type\":\"EntryPoint\",\"urlTemplate\":\"https:\/\/abbayesaintemarie.ca\/fr\/?s={search_term_string}\"},\"query-input\":\"required name=search_term_string\"}],\"inLanguage\":\"fr-CA\"}]}<\/script>\n<!-- \/ Yoast SEO plugin. -->","yoast_head_json":{"title":"Vocations - Abbaye Sainte-Marie des Deux-Montagnes","description":"Is God calling you to discover a vocation with us? Find out more about the Benedictine Sisters, their prayer life, and how to discern the vocation.","robots":{"index":"index","follow":"follow","max-snippet":"max-snippet:-1","max-image-preview":"max-image-preview:large","max-video-preview":"max-video-preview:-1"},"canonical":"https:\/\/abbayesaintemarie.ca\/fr\/vocations\/","og_locale":"fr_CA","og_type":"article","og_title":"Vocations - Abbaye Sainte-Marie des Deux-Montagnes","og_description":"Is God calling you to discover a vocation with us? Find out more about the Benedictine Sisters, their prayer life, and how to discern the vocation.","og_url":"https:\/\/abbayesaintemarie.ca\/fr\/vocations\/","og_site_name":"Abbaye Sainte-Marie des Deux-Montagnes","article_modified_time":"2017-11-17T21:56:56+00:00","twitter_card":"summary","twitter_misc":{"Estimation du temps de lecture":"5 minutes"},"schema":{"@context":"https:\/\/schema.org","@graph":[{"@type":"WebPage","@id":"https:\/\/abbayesaintemarie.ca\/fr\/vocations\/","url":"https:\/\/abbayesaintemarie.ca\/fr\/vocations\/","name":"Vocations - Abbaye Sainte-Marie des Deux-Montagnes","isPartOf":{"@id":"https:\/\/abbayesaintemarie.ca\/fr\/#website"},"datePublished":"2017-06-06T04:13:29+00:00","dateModified":"2017-11-17T21:56:56+00:00","description":"Is God calling you to discover a vocation with us? Find out more about the Benedictine Sisters, their prayer life, and how to discern the vocation.","breadcrumb":{"@id":"https:\/\/abbayesaintemarie.ca\/fr\/vocations\/#breadcrumb"},"inLanguage":"fr-CA","potentialAction":[{"@type":"ReadAction","target":["https:\/\/abbayesaintemarie.ca\/fr\/vocations\/"]}]},{"@type":"BreadcrumbList","@id":"https:\/\/abbayesaintemarie.ca\/fr\/vocations\/#breadcrumb","itemListElement":[{"@type":"ListItem","position":1,"name":"Home","item":"https:\/\/abbayesaintemarie.ca\/fr\/"},{"@type":"ListItem","position":2,"name":"Vocations"}]},{"@type":"WebSite","@id":"https:\/\/abbayesaintemarie.ca\/fr\/#website","url":"https:\/\/abbayesaintemarie.ca\/fr\/","name":"Abbaye Sainte-Marie des Deux-Montagnes","description":"Benedictine Monastery of the Congregation of Solesmes","potentialAction":[{"@type":"SearchAction","target":{"@type":"EntryPoint","urlTemplate":"https:\/\/abbayesaintemarie.ca\/fr\/?s={search_term_string}"},"query-input":"required name=search_term_string"}],"inLanguage":"fr-CA"}]}},"_links":{"self":[{"href":"https:\/\/abbayesaintemarie.ca\/fr\/wp-json\/wp\/v2\/pages\/12"}],"collection":[{"href":"https:\/\/abbayesaintemarie.ca\/fr\/wp-json\/wp\/v2\/pages"}],"about":[{"href":"https:\/\/abbayesaintemarie.ca\/fr\/wp-json\/wp\/v2\/types\/page"}],"author":[{"embeddable":true,"href":"https:\/\/abbayesaintemarie.ca\/fr\/wp-json\/wp\/v2\/users\/2"}],"replies":[{"embeddable":true,"href":"https:\/\/abbayesaintemarie.ca\/fr\/wp-json\/wp\/v2\/comments?post=12"}],"version-history":[{"count":50,"href":"https:\/\/abbayesaintemarie.ca\/fr\/wp-json\/wp\/v2\/pages\/12\/revisions"}],"predecessor-version":[{"id":534,"href":"https:\/\/abbayesaintemarie.ca\/fr\/wp-json\/wp\/v2\/pages\/12\/revisions\/534"}],"wp:attachment":[{"href":"https:\/\/abbayesaintemarie.ca\/fr\/wp-json\/wp\/v2\/media?parent=12"}],"curies":[{"name":"wp","href":"https:\/\/api.w.org\/{rel}","templated":true}]}}